{"id":1035,"date":"2017-07-19T12:15:04","date_gmt":"2017-07-19T12:15:04","guid":{"rendered":"http:\/\/www.deianeunamuno.com\/?page_id=1035"},"modified":"2021-09-14T08:33:07","modified_gmt":"2021-09-14T08:33:07","slug":"faqs","status":"publish","type":"page","link":"https:\/\/www.deianeunamuno.com\/en\/faqs\/","title":{"rendered":"FAQs"},"content":{"rendered":"<p>[vc_row 0=&#8221;&#8221;][vc_column 0=&#8221;&#8221;][vc_single_image image=&#8221;3865&#8243; img_size=&#8221;full&#8221; alignment=&#8221;center&#8221;][\/vc_column][\/vc_row][vc_row][vc_column][vc_column_text]<\/p>\n<h3>Fot\u00f3grafa de bodas<\/h3>\n<p>[\/vc_column_text][vc_tta_accordion active_section=&#8221;100&#8243; collapsible_all=&#8221;true&#8221;][vc_tta_section title=&#8221;\u00bfD\u00f3nde desarrollas principalmente tu trabajo de fot\u00f3grafa de bodas?&#8221; tab_id=&#8221;donde-desarrollas-tu-trabajo&#8221;][vc_column_text]Principalmente trabajo en el Pa\u00eds Vasco (Gipuzkoa, Bizkaia y Araba) pero nos movemos por toda Espa\u00f1a y fuera de Espa\u00f1a tambi\u00e9n. Si necesitas una fot\u00f3grafa de bodas en Bilbao, San Sebastian, Vitoria-Gasteiz, Pamplona o alrededores, no dudes en consultarme para que te aconseje sobre plazos, emplazamientos, ideas y precios.[\/vc_column_text][\/vc_tta_section][vc_tta_section title=&#8221;Destination wedding photographer, \u00bfa d\u00f3nde te desplazas?&#8221; tab_id=&#8221;donde-te-desplazas&#8221;][vc_column_text]Hablamos de destintion wedding photographer porque realizamos reportajes tanto a nivel nacional como internacional. Y aunque habitualmente me centro en el trabajo de fot\u00f3grafa de bodas en San Sebasti\u00e1n y alrededores, me encanta viajar y estaremos encantados de desplazarnos. Tambi\u00e9n, me solicitan muchas sesiones de parejas internacionales en el Pa\u00eds Vasco. \u00bfQuieres un ejemplo? En el siguiente enlace pod\u00e9is ver la maravillosa boda Rusa de Katya y Milan. [\/vc_column_text][\/vc_tta_section][vc_tta_section title=&#8221;\u00bfCon cu\u00e1nta antelaci\u00f3n nos ponemos en contacto contigo?&#8221; tab_id=&#8221;cuanta-antelacion&#8221;][vc_column_text]Cuanto antes. Si ya ten\u00e9is decidida la fecha, poneros en contacto lo antes posible con nosotros para reservar la fecha de vuestro reportaje de bodas. La media de antelaci\u00f3n es de un a\u00f1o.[\/vc_column_text][\/vc_tta_section][\/vc_tta_accordion][\/vc_column][\/vc_row][vc_row][vc_column][vc_empty_space height=&#8221;30px&#8221;][vc_separator color=&#8221;custom&#8221; el_width=&#8221;10&#8243; accent_color=&#8221;#444444&#8243;][\/vc_column][\/vc_row][vc_row][vc_column][vc_column_text]<\/p>\n<h3>Reportajes de bodas<\/h3>\n<p>[\/vc_column_text][vc_tta_accordion active_section=&#8221;100&#8243; collapsible_all=&#8221;true&#8221;][vc_tta_section title=&#8221;\u00bfQu\u00e9 incluyen tus reportajes de bodas? \u00bfC\u00f3mo son?&#8221; tab_id=&#8221;tus-reportajes-de-boda&#8221;][vc_column_text]Realizamos reportajes de bodas naturales y espont\u00e1neos, sin posados y con un estilo fotoperiod\u00edstico. La creatividad es imprescindible. Exprimimos nuestra imaginaci\u00f3n al m\u00e1ximo para que vuestro reportaje de boda sea \u00fanico e irrepetible.[\/vc_column_text][\/vc_tta_section][vc_tta_section title=&#8221;\u00bfCu\u00e1nto tiempo puede llevar un reportaje el d\u00eda de la boda?&#8221; tab_id=&#8221;tiempo-puede-llevar-reportaje&#8221;][vc_column_text]El d\u00eda de vuestro enlace, cubrimos el d\u00eda por completo, desde la primera hora: peluquer\u00eda, vestir, sesi\u00f3n de pareja, ceremonia, cocktel, restaurante y hasta el baile y una hora de fiesta. Pero si tienes una idea fija, cu\u00e9ntamela y adaptamos la sesi\u00f3n a vuestras preferencias.[\/vc_column_text][\/vc_tta_section][vc_tta_section title=&#8221;\u00bfCubr\u00eds m\u00e1s de un enlace al d\u00eda?&#8221; tab_id=&#8221;mas-de-un-enlace-dia&#8221;][vc_column_text]<strong>No.<\/strong> Nos centramos al 100% a vosotros y vuestras necesidades en vuestro gran d\u00eda.[\/vc_column_text][\/vc_tta_section][vc_tta_section title=&#8221;\u00bfSiempre vais dos fot\u00f3grafos de bodas?&#8221; tab_id=&#8221;dos-fotografos-boda&#8221;][vc_column_text]S\u00ed, excepto en las ceremonias intimas. Para m\u00ed, es muy importante tener siempre dos puntos de vista, para captar cada emoci\u00f3n en distintos \u00e1ngulos.[\/vc_column_text][\/vc_tta_section][vc_tta_section title=&#8221;\u00bfPuedo ver trabajos de otros reportajes de bodas?&#8221; tab_id=&#8221;otros-reportajes-bodas&#8221;][vc_column_text]Por supuesto. Es muy importante que siempre ve\u00e1is reportajes completos a la hora de elegir a vuestro fot\u00f3grafo de bodas, las redes sociales como Instagram son un escaparate perfecto para poder echar un vistazo pero no suficiente para saber c\u00f3mo ser\u00eda un reportaje completo. Por eso os invito a que ve\u00e1is mis trabajos como <a href=\"http:\/\/www.deianeunamuno.com\/bodas\/\">fot\u00f3grafa de bodas<\/a>.[\/vc_column_text][\/vc_tta_section][vc_tta_section title=&#8221;\u00bfHac\u00e9is v\u00eddeos?&#8221; tab_id=&#8221;hacemos-videos&#8221;][vc_column_text]No. Los fot\u00f3grafos que somos parte del equipo de Deiane Unamuno Photography s\u00f3lo nos dedicamos a la fotograf\u00eda, creemos que cada profesional tiene que estar centrado al 100% en una misma cosa.[\/vc_column_text][\/vc_tta_section][\/vc_tta_accordion][\/vc_column][\/vc_row][vc_row][vc_column][vc_empty_space height=&#8221;30px&#8221;][vc_separator color=&#8221;custom&#8221; el_width=&#8221;10&#8243; accent_color=&#8221;#444444&#8243;][\/vc_column][\/vc_row][vc_row][vc_column][vc_column_text]<\/p>\n<h3>Tu \u00e1lbum de boda<\/h3>\n<p>[\/vc_column_text][vc_tta_accordion active_section=&#8221;100&#8243; collapsible_all=&#8221;true&#8221;][vc_tta_section title=&#8221;El \u00e1lbum de la boda, \u00bfs\u00ed o no?&#8221; tab_id=&#8221;si-o-no&#8221;][vc_column_text]S\u00ed. No hay nada como sentir tus recuerdos con tus propias manos.[\/vc_column_text][\/vc_tta_section][vc_tta_section title=&#8221;\u00bfQui\u00e9n edita las fotograf\u00edas?&#8221; tab_id=&#8221;editar-fotografias&#8221;][vc_column_text]Siempre yo, Deiane Unamuno. Si hay un segundo enlace al que asista el equipo, siempre ser\u00e9 yo la que edite las fotos.[\/vc_column_text][\/vc_tta_section][\/vc_tta_accordion][\/vc_column][\/vc_row][vc_row][vc_column][vc_empty_space height=&#8221;30px&#8221;][vc_separator color=&#8221;custom&#8221; el_width=&#8221;10&#8243; accent_color=&#8221;#444444&#8243;][\/vc_column][\/vc_row][vc_row][vc_column][vc_column_text]<\/p>\n<h3>Preboda y post boda<\/h3>\n<p>[\/vc_column_text][vc_tta_accordion active_section=&#8221;100&#8243; collapsible_all=&#8221;true&#8221;][vc_tta_section title=&#8221;Preboda, postboda, \u00bfc\u00f3mo organizamos el calendario?&#8221; tab_id=&#8221;organizacion-calendario&#8221;][vc_column_text]La preboda la podemos realizar desde que firmamos en contrato hasta un mes y medio antes de la boda.<br \/>\nEn cambio, la postboda la realizamos despu\u00e9s del viaje de novios. En cuanto volv\u00e9is del viaje, nos volvemos a poner en contacto y reservamos fecha.[\/vc_column_text][\/vc_tta_section][\/vc_tta_accordion][\/vc_column][\/vc_row][vc_row][vc_column][vc_empty_space height=&#8221;30px&#8221;][vc_separator color=&#8221;custom&#8221; el_width=&#8221;10&#8243; accent_color=&#8221;#444444&#8243;][\/vc_column][\/vc_row][vc_row][vc_column][vc_column_text]<\/p>\n<h3>Presupuesto y contrataci\u00f3n<\/h3>\n<p>[\/vc_column_text][vc_tta_accordion active_section=&#8221;100&#8243; collapsible_all=&#8221;true&#8221;][vc_tta_section title=&#8221;\u00bfC\u00f3mo se hacen los pagos?&#8221; tab_id=&#8221;como-se-hacen-pagos&#8221;][vc_column_text]Se realizan en tres partes. La primera ser\u00eda para reservar fecha, la segunda 15 d\u00edas antes del enlace y la tercera a la entrega del \u00e1lbum, si lo hubiera. [\/vc_column_text][\/vc_tta_section][vc_tta_section title=&#8221;Nos gusta tu trabajo, \u00bfCu\u00e1l es el siguiente paso?&#8221; tab_id=&#8221;el-siguiente-paso&#8221;][vc_column_text]Para reservar la fecha de vuestra boda con nosotros, pod\u00e9is rellenar nuestro <a href=\"http:\/\/www.deianeunamuno.com\/contacto\/\">FORMULARIO DE CONTACTO<\/a>.<br \/>\nEl siguiente paso ser\u00e1 ingresar la se\u00f1al y firmar el contrato.[\/vc_column_text][\/vc_tta_section][\/vc_tta_accordion][\/vc_column][\/vc_row][vc_row][vc_column][vc_empty_space height=&#8221;30px&#8221;][vc_separator color=&#8221;custom&#8221; el_width=&#8221;10&#8243; accent_color=&#8221;#444444&#8243;][\/vc_column][\/vc_row][vc_row][vc_column width=&#8221;1\/3&#8243;][\/vc_column][vc_column width=&#8221;1\/3&#8243; el_class=&#8221;columna-reportaje&#8221;][vc_single_image image=&#8221;3361&#8243; img_size=&#8221;full&#8221; alignment=&#8221;center&#8221; onclick=&#8221;custom_link&#8221; title=&#8221;BODAS&#8221; link=&#8221;http:\/\/www.deianeunamuno.com\/bodas\/&#8221;][\/vc_column][vc_column width=&#8221;1\/3&#8243;][\/vc_column][\/vc_row]<\/p>","protected":false},"excerpt":{"rendered":"<p>[vc_row 0=&#8221;&#8221;][vc_column 0=&#8221;&#8221;][vc_single_image image=&#8221;3865&#8243; img_size=&#8221;full&#8221; alignment=&#8221;center&#8221;][\/vc_column][\/vc_row][vc_row][vc_column][vc_column_text] Fot\u00f3grafa de bodas [\/vc_column_text][vc_tta_accordion active_section=&#8221;100&#8243; collapsible_all=&#8221;true&#8221;][vc_tta_section title=&#8221;\u00bfD\u00f3nde desarrollas principalmente tu trabajo de fot\u00f3grafa de bodas?&#8221; tab_id=&#8221;donde-desarrollas-tu-trabajo&#8221;][vc_column_text]Principalmente trabajo en el Pa\u00eds Vasco (Gipuzkoa, Bizkaia y Araba) pero nos movemos por toda Espa\u00f1a y fuera de Espa\u00f1a tambi\u00e9n. Si necesitas una fot\u00f3grafa de bodas en Bilbao, San Sebastian, Vitoria-Gasteiz, Pamplona o alrededores, no dudes en consultarme para que te [&hellip;]<\/p>\n","protected":false},"author":1,"featured_media":0,"parent":0,"menu_order":0,"comment_status":"closed","ping_status":"closed","template":"","meta":{"__cvm_playback_settings":[],"__cvm_video_id":"","footnotes":""},"class_list":["post-1035","page","type-page","status-publish","hentry"],"yoast_head":"<!-- This site is optimized with the Yoast SEO plugin v27.4 - https:\/\/yoast.com\/product\/yoast-seo-wordpress\/ -->\n<title>FAQs - Deiane Unamuno Photography<\/title>\n<meta name=\"description\" content=\"FAQs Deiane Unamuno Photography - \u00bfBuscando una fot\u00f3grafa con personalidad? Para bodas, parejas, familias... Entra, conoce mis trabajos e insp\u00edrate.\" \/>\n<meta name=\"robots\" content=\"index, follow, max-snippet:-1, max-image-preview:large, max-video-preview:-1\" \/>\n<link rel=\"canonical\" href=\"https:\/\/www.deianeunamuno.com\/faqs\/\" \/>\n<meta property=\"og:locale\" content=\"en_US\" \/>\n<meta property=\"og:type\" content=\"article\" \/>\n<meta property=\"og:title\" content=\"FAQs - Deiane Unamuno Photography\" \/>\n<meta property=\"og:description\" content=\"FAQs Deiane Unamuno Photography - \u00bfBuscando una fot\u00f3grafa con personalidad? Para bodas, parejas, familias... Entra, conoce mis trabajos e insp\u00edrate.\" \/>\n<meta property=\"og:url\" content=\"https:\/\/www.deianeunamuno.com\/faqs\/\" \/>\n<meta property=\"og:site_name\" content=\"Deiane Unamuno Photography\" \/>\n<meta property=\"article:publisher\" content=\"https:\/\/www.facebook.com\/deianeunamunophotography\/\" \/>\n<meta property=\"article:modified_time\" content=\"2021-09-14T08:33:07+00:00\" \/>\n<meta name=\"twitter:card\" content=\"summary_large_image\" \/>\n<meta name=\"twitter:label1\" content=\"Est. reading time\" \/>\n\t<meta name=\"twitter:data1\" content=\"3 minutes\" \/>\n<script type=\"application\/ld+json\" class=\"yoast-schema-graph\">{\"@context\":\"https:\\\/\\\/schema.org\",\"@graph\":[{\"@type\":\"WebPage\",\"@id\":\"https:\\\/\\\/www.deianeunamuno.com\\\/faqs\\\/\",\"url\":\"https:\\\/\\\/www.deianeunamuno.com\\\/faqs\\\/\",\"name\":\"FAQs - Deiane Unamuno Photography\",\"isPartOf\":{\"@id\":\"https:\\\/\\\/www.deianeunamuno.com\\\/#website\"},\"datePublished\":\"2017-07-19T12:15:04+00:00\",\"dateModified\":\"2021-09-14T08:33:07+00:00\",\"description\":\"FAQs Deiane Unamuno Photography - \u00bfBuscando una fot\u00f3grafa con personalidad? Para bodas, parejas, familias... Entra, conoce mis trabajos e insp\u00edrate.\",\"breadcrumb\":{\"@id\":\"https:\\\/\\\/www.deianeunamuno.com\\\/faqs\\\/#breadcrumb\"},\"inLanguage\":\"en-US\",\"potentialAction\":[{\"@type\":\"ReadAction\",\"target\":[\"https:\\\/\\\/www.deianeunamuno.com\\\/faqs\\\/\"]}]},{\"@type\":\"BreadcrumbList\",\"@id\":\"https:\\\/\\\/www.deianeunamuno.com\\\/faqs\\\/#breadcrumb\",\"itemListElement\":[{\"@type\":\"ListItem\",\"position\":1,\"name\":\"Portada\",\"item\":\"https:\\\/\\\/www.deianeunamuno.com\\\/\"},{\"@type\":\"ListItem\",\"position\":2,\"name\":\"FAQs\"}]},{\"@type\":\"WebSite\",\"@id\":\"https:\\\/\\\/www.deianeunamuno.com\\\/#website\",\"url\":\"https:\\\/\\\/www.deianeunamuno.com\\\/\",\"name\":\"Deiane Unamuno Photography\",\"description\":\"Deiane Unamuno Photography - Fotografia de boda moderna y creativa - Fotografa de boda\",\"potentialAction\":[{\"@type\":\"SearchAction\",\"target\":{\"@type\":\"EntryPoint\",\"urlTemplate\":\"https:\\\/\\\/www.deianeunamuno.com\\\/?s={search_term_string}\"},\"query-input\":{\"@type\":\"PropertyValueSpecification\",\"valueRequired\":true,\"valueName\":\"search_term_string\"}}],\"inLanguage\":\"en-US\"}]}<\/script>\n<!-- \/ Yoast SEO plugin. -->","yoast_head_json":{"title":"FAQs - Deiane Unamuno Photography","description":"FAQs Deiane Unamuno Photography - \u00bfBuscando una fot\u00f3grafa con personalidad? Para bodas, parejas, familias... Entra, conoce mis trabajos e insp\u00edrate.","robots":{"index":"index","follow":"follow","max-snippet":"max-snippet:-1","max-image-preview":"max-image-preview:large","max-video-preview":"max-video-preview:-1"},"canonical":"https:\/\/www.deianeunamuno.com\/faqs\/","og_locale":"en_US","og_type":"article","og_title":"FAQs - Deiane Unamuno Photography","og_description":"FAQs Deiane Unamuno Photography - \u00bfBuscando una fot\u00f3grafa con personalidad? Para bodas, parejas, familias... Entra, conoce mis trabajos e insp\u00edrate.","og_url":"https:\/\/www.deianeunamuno.com\/faqs\/","og_site_name":"Deiane Unamuno Photography","article_publisher":"https:\/\/www.facebook.com\/deianeunamunophotography\/","article_modified_time":"2021-09-14T08:33:07+00:00","twitter_card":"summary_large_image","twitter_misc":{"Est. reading time":"3 minutes"},"schema":{"@context":"https:\/\/schema.org","@graph":[{"@type":"WebPage","@id":"https:\/\/www.deianeunamuno.com\/faqs\/","url":"https:\/\/www.deianeunamuno.com\/faqs\/","name":"FAQs - Deiane Unamuno Photography","isPartOf":{"@id":"https:\/\/www.deianeunamuno.com\/#website"},"datePublished":"2017-07-19T12:15:04+00:00","dateModified":"2021-09-14T08:33:07+00:00","description":"FAQs Deiane Unamuno Photography - \u00bfBuscando una fot\u00f3grafa con personalidad? Para bodas, parejas, familias... Entra, conoce mis trabajos e insp\u00edrate.","breadcrumb":{"@id":"https:\/\/www.deianeunamuno.com\/faqs\/#breadcrumb"},"inLanguage":"en-US","potentialAction":[{"@type":"ReadAction","target":["https:\/\/www.deianeunamuno.com\/faqs\/"]}]},{"@type":"BreadcrumbList","@id":"https:\/\/www.deianeunamuno.com\/faqs\/#breadcrumb","itemListElement":[{"@type":"ListItem","position":1,"name":"Portada","item":"https:\/\/www.deianeunamuno.com\/"},{"@type":"ListItem","position":2,"name":"FAQs"}]},{"@type":"WebSite","@id":"https:\/\/www.deianeunamuno.com\/#website","url":"https:\/\/www.deianeunamuno.com\/","name":"Deiane Unamuno Photography","description":"Deiane Unamuno Photography - Fotografia de boda moderna y creativa - Fotografa de boda","potentialAction":[{"@type":"SearchAction","target":{"@type":"EntryPoint","urlTemplate":"https:\/\/www.deianeunamuno.com\/?s={search_term_string}"},"query-input":{"@type":"PropertyValueSpecification","valueRequired":true,"valueName":"search_term_string"}}],"inLanguage":"en-US"}]}},"_links":{"self":[{"href":"https:\/\/www.deianeunamuno.com\/en\/wp-json\/wp\/v2\/pages\/1035","targetHints":{"allow":["GET"]}}],"collection":[{"href":"https:\/\/www.deianeunamuno.com\/en\/wp-json\/wp\/v2\/pages"}],"about":[{"href":"https:\/\/www.deianeunamuno.com\/en\/wp-json\/wp\/v2\/types\/page"}],"author":[{"embeddable":true,"href":"https:\/\/www.deianeunamuno.com\/en\/wp-json\/wp\/v2\/users\/1"}],"replies":[{"embeddable":true,"href":"https:\/\/www.deianeunamuno.com\/en\/wp-json\/wp\/v2\/comments?post=1035"}],"version-history":[{"count":46,"href":"https:\/\/www.deianeunamuno.com\/en\/wp-json\/wp\/v2\/pages\/1035\/revisions"}],"predecessor-version":[{"id":4075,"href":"https:\/\/www.deianeunamuno.com\/en\/wp-json\/wp\/v2\/pages\/1035\/revisions\/4075"}],"wp:attachment":[{"href":"https:\/\/www.deianeunamuno.com\/en\/wp-json\/wp\/v2\/media?parent=1035"}],"curies":[{"name":"wp","href":"https:\/\/api.w.org\/{rel}","templated":true}]}}