{"id":3183,"date":"2020-06-21T10:23:06","date_gmt":"2020-06-21T10:23:06","guid":{"rendered":"http:\/\/www.deianeunamuno.com\/?page_id=3183"},"modified":"2021-09-14T08:00:32","modified_gmt":"2021-09-14T08:00:32","slug":"boda","status":"publish","type":"page","link":"https:\/\/www.deianeunamuno.com\/en\/boda\/","title":{"rendered":"WEDDING"},"content":{"rendered":"<p>[vc_row][vc_column][vc_column_text]<\/p>\n<p style=\"text-align: center;\">La fotograf\u00eda la defino como un sentimiento. El verdadero arte est\u00e1 detr\u00e1s de cada imagen, de cada persona y cada instante.<\/p>\n<p style=\"text-align: center;\">Realizamos reportajes de bodas naturales y espont\u00e1neos, sin posados y con un estilo fotoperiod\u00edstico. La creatividad es imprescindible. Como fot\u00f3grafos de bodas exprimimos nuestra imaginaci\u00f3n al m\u00e1ximo para que vuestro reportaje de boda sea \u00fanico e irrepetible. Me gu\u00edo por lo que siento y me transmit\u00eds vosotros en cada momento.<\/p>\n<p>[\/vc_column_text][\/vc_column][\/vc_row][vc_row equal_height=&#8221;yes&#8221; content_placement=&#8221;bottom&#8221;][vc_column el_class=&#8221;columna-espaciado-centrado&#8221;][vc_row_inner equal_height=&#8221;yes&#8221; content_placement=&#8221;bottom&#8221;][vc_column_inner el_class=&#8221;columna-pre-post-boda&#8221; width=&#8221;1\/3&#8243;][vc_single_image image=&#8221;2737&#8243; img_size=&#8221;full&#8221; alignment=&#8221;center&#8221; onclick=&#8221;custom_link&#8221; title=&#8221;Boda en Akebaso Jatetxea &#8211; Ane &amp; Pello&#8221; el_class=&#8221;enlace-bodas&#8221; link=&#8221;https:\/\/www.deianeunamuno.com\/portfolio\/bodaenakebasojatetxea-deianeunamunophotography\/&#8221;][\/vc_column_inner][vc_column_inner el_class=&#8221;columna-pre-post-boda&#8221; width=&#8221;1\/3&#8243;][vc_single_image image=&#8221;2324&#8243; img_size=&#8221;full&#8221; alignment=&#8221;center&#8221; onclick=&#8221;custom_link&#8221; title=&#8221;Katya &amp; Millan &#8211; Donostia (Gipuzkoa)&#8221; link=&#8221;http:\/\/www.deianeunamuno.com\/portfolio\/katya-millan-donostia-gipuzkoa\/&#8221; el_class=&#8221;enlace-bodas&#8221;][\/vc_column_inner][vc_column_inner el_class=&#8221;columna-pre-post-boda&#8221; width=&#8221;1\/3&#8243;][vc_single_image image=&#8221;3721&#8243; img_size=&#8221;full&#8221; alignment=&#8221;center&#8221; onclick=&#8221;custom_link&#8221; title=&#8221;Etxeberri Jatetxea &#8211; Zumarraga (Gipuzkoa)&#8221; link=&#8221;http:\/\/www.deianeunamuno.com\/portfolio\/etxeberri-jatetxea-lm\/&#8221; el_class=&#8221;enlace-bodas&#8221;][\/vc_column_inner][\/vc_row_inner][vc_row_inner equal_height=&#8221;yes&#8221; content_placement=&#8221;bottom&#8221;][vc_column_inner el_class=&#8221;columna-pre-post-boda&#8221; width=&#8221;1\/3&#8243;][vc_single_image image=&#8221;3792&#8243; img_size=&#8221;full&#8221; alignment=&#8221;center&#8221; onclick=&#8221;custom_link&#8221; title=&#8221;Txertota Jatetxea &#8211; Andoain (Gipuzkoa)&#8221; link=&#8221;http:\/\/www.deianeunamuno.com\/portfolio\/txertota-jatetxea\/&#8221; el_class=&#8221;enlace-bodas&#8221;][\/vc_column_inner][vc_column_inner el_class=&#8221;columna-pre-post-boda&#8221; width=&#8221;1\/3&#8243;][vc_single_image image=&#8221;3858&#8243; img_size=&#8221;full&#8221; alignment=&#8221;center&#8221; onclick=&#8221;custom_link&#8221; title=&#8221;Etxeberri Jatetxea &#8211; Zumarraga (Gipuzkoa)&#8221; link=&#8221;http:\/\/www.deianeunamuno.com\/portfolio\/etxeberri-jatetxea-lr\/&#8221; el_class=&#8221;enlace-bodas&#8221;][\/vc_column_inner][vc_column_inner el_class=&#8221;columna-pre-post-boda&#8221; width=&#8221;1\/3&#8243;][\/vc_column_inner][\/vc_row_inner][\/vc_column][\/vc_row][vc_row css=&#8221;.vc_custom_1594882990809{margin-top: 50px !important;}&#8221;][vc_column][vc_column_text]<\/p>\n<p style=\"text-align: center;\">Para m\u00ed, una de las partes m\u00e1s fundamentales para poder documentar vuestro d\u00eda son los preparativos. En el comienzo del gran d\u00eda nos encontramos con muchos nervios, emociones y con vuestras personas m\u00e1s cercanas, haciendo que esos momentos previos a la ceremonia sean esenciales para poder contar vuestra historia. Por eso nos gusta acompa\u00f1aros desde el principio, all\u00e1 donde est\u00e9is, estaremos tambi\u00e9n nosotros, vuestros fot\u00f3grafos de bodas de confianza.<\/p>\n<p style=\"text-align: center;\">Cualquier otro detalle de tu d\u00eda, se va y no vuelve. Pero las fotograf\u00edas de tu boda ser\u00e1n el recuerdo que mantengas de por vida. Instantes que conservan vuestros recuerdos y emociones. Como la fot\u00f3grafa de bodas que va a documentar vuestro d\u00eda, quiero que cada vez que ve\u00e1is el \u00e1lbum de boda, dentro de diez, veinte o treinta a\u00f1os, lo revivas como si el tiempo no hubiese pasado. Porque ese sin duda, es el valor de vuestros recuerdos.<\/p>\n<p>[\/vc_column_text][\/vc_column][\/vc_row][vc_row css=&#8221;.vc_custom_1592738143075{margin-top: 60px !important;}&#8221;][vc_column width=&#8221;1\/5&#8243;][vc_single_image image=&#8221;1989&#8243; img_size=&#8221;144&#215;144&#8243; alignment=&#8221;center&#8221; onclick=&#8221;custom_link&#8221; img_link_target=&#8221;_blank&#8221; link=&#8221;https:\/\/www.fearlessphotographers.com\/photographers.cfm?photogID=8460&amp;deiane-unamuno&#8221;][\/vc_column][vc_column width=&#8221;1\/5&#8243;][vc_single_image image=&#8221;1625&#8243; img_size=&#8221;167&#215;184&#8243; alignment=&#8221;center&#8221; onclick=&#8221;custom_link&#8221; img_link_target=&#8221;_blank&#8221; link=&#8221;https:\/\/fotografos-de-boda.net\/porfolio\/deiane-unamuno-photography\/&#8221;][\/vc_column][vc_column width=&#8221;1\/5&#8243;][vc_single_image image=&#8221;1734&#8243; img_size=&#8221;118&#215;144&#8243; alignment=&#8221;center&#8221; onclick=&#8221;custom_link&#8221; img_link_target=&#8221;_blank&#8221; link=&#8221;https:\/\/mywed.com\/es\/photographer\/DeianeUnamuno\/&#8221;][\/vc_column][vc_column width=&#8221;1\/5&#8243;][vc_single_image image=&#8221;3199&#8243; img_size=&#8221;146&#215;144&#8243; alignment=&#8221;center&#8221; onclick=&#8221;custom_link&#8221; img_link_target=&#8221;_blank&#8221; link=&#8221;https:\/\/www.bodas.net\/fotografos\/deiane-unamuno-photography&#8211;e98788&#8243;][\/vc_column][vc_column width=&#8221;1\/5&#8243;][vc_single_image image=&#8221;2403&#8243; img_size=&#8221;144&#215;144&#8243; alignment=&#8221;center&#8221; onclick=&#8221;custom_link&#8221; img_link_target=&#8221;_blank&#8221; link=&#8221;https:\/\/flechaenblanco.com\/photographers\/deiane-unamuno\/&#8221;][\/vc_column][\/vc_row]<\/p>","protected":false},"excerpt":{"rendered":"<p>[vc_row][vc_column][vc_column_text] La fotograf\u00eda la defino como un sentimiento. El verdadero arte est\u00e1 detr\u00e1s de cada imagen, de cada persona y cada instante. Realizamos reportajes de bodas naturales y espont\u00e1neos, sin posados y con un estilo fotoperiod\u00edstico. La creatividad es imprescindible. Como fot\u00f3grafos de bodas exprimimos nuestra imaginaci\u00f3n al m\u00e1ximo para que vuestro reportaje de boda sea \u00fanico e irrepetible. Me gu\u00edo por lo [&hellip;]<\/p>\n","protected":false},"author":1,"featured_media":0,"parent":0,"menu_order":0,"comment_status":"closed","ping_status":"closed","template":"portfolio-page.php","meta":{"__cvm_playback_settings":[],"__cvm_video_id":"","footnotes":""},"class_list":["post-3183","page","type-page","status-publish","hentry"],"yoast_head":"<!-- This site is optimized with the Yoast SEO plugin v27.4 - https:\/\/yoast.com\/product\/yoast-seo-wordpress\/ -->\n<title>Fot\u00f3grafa de bodas - Deiane Unamuno Photography<\/title>\n<meta name=\"description\" content=\"\u00bfBuscando una fot\u00f3grafa de bodas? Reportajes naturales y espont\u00e1neos, sin posados y con un estilo fotoperiod\u00edstico. Entra, conoce mis trabajos e insp\u00edrate.\" \/>\n<meta name=\"robots\" content=\"index, follow, max-snippet:-1, max-image-preview:large, max-video-preview:-1\" \/>\n<link rel=\"canonical\" href=\"https:\/\/www.deianeunamuno.com\/boda\/\" \/>\n<meta property=\"og:locale\" content=\"en_US\" \/>\n<meta property=\"og:type\" content=\"article\" \/>\n<meta property=\"og:title\" content=\"Fot\u00f3grafa de bodas - Deiane Unamuno Photography\" \/>\n<meta property=\"og:description\" content=\"\u00bfBuscando una fot\u00f3grafa de bodas? Reportajes naturales y espont\u00e1neos, sin posados y con un estilo fotoperiod\u00edstico. Entra, conoce mis trabajos e insp\u00edrate.\" \/>\n<meta property=\"og:url\" content=\"https:\/\/www.deianeunamuno.com\/boda\/\" \/>\n<meta property=\"og:site_name\" content=\"Deiane Unamuno Photography\" \/>\n<meta property=\"article:publisher\" content=\"https:\/\/www.facebook.com\/deianeunamunophotography\/\" \/>\n<meta property=\"article:modified_time\" content=\"2021-09-14T08:00:32+00:00\" \/>\n<meta name=\"twitter:card\" content=\"summary_large_image\" \/>\n<meta name=\"twitter:label1\" content=\"Est. reading time\" \/>\n\t<meta name=\"twitter:data1\" content=\"2 minutes\" \/>\n<script type=\"application\/ld+json\" class=\"yoast-schema-graph\">{\"@context\":\"https:\\\/\\\/schema.org\",\"@graph\":[{\"@type\":\"WebPage\",\"@id\":\"https:\\\/\\\/www.deianeunamuno.com\\\/boda\\\/\",\"url\":\"https:\\\/\\\/www.deianeunamuno.com\\\/boda\\\/\",\"name\":\"Fot\u00f3grafa de bodas - Deiane Unamuno Photography\",\"isPartOf\":{\"@id\":\"https:\\\/\\\/www.deianeunamuno.com\\\/#website\"},\"datePublished\":\"2020-06-21T10:23:06+00:00\",\"dateModified\":\"2021-09-14T08:00:32+00:00\",\"description\":\"\u00bfBuscando una fot\u00f3grafa de bodas? Reportajes naturales y espont\u00e1neos, sin posados y con un estilo fotoperiod\u00edstico. Entra, conoce mis trabajos e insp\u00edrate.\",\"breadcrumb\":{\"@id\":\"https:\\\/\\\/www.deianeunamuno.com\\\/boda\\\/#breadcrumb\"},\"inLanguage\":\"en-US\",\"potentialAction\":[{\"@type\":\"ReadAction\",\"target\":[\"https:\\\/\\\/www.deianeunamuno.com\\\/boda\\\/\"]}]},{\"@type\":\"BreadcrumbList\",\"@id\":\"https:\\\/\\\/www.deianeunamuno.com\\\/boda\\\/#breadcrumb\",\"itemListElement\":[{\"@type\":\"ListItem\",\"position\":1,\"name\":\"Portada\",\"item\":\"https:\\\/\\\/www.deianeunamuno.com\\\/\"},{\"@type\":\"ListItem\",\"position\":2,\"name\":\"BODA\"}]},{\"@type\":\"WebSite\",\"@id\":\"https:\\\/\\\/www.deianeunamuno.com\\\/#website\",\"url\":\"https:\\\/\\\/www.deianeunamuno.com\\\/\",\"name\":\"Deiane Unamuno Photography\",\"description\":\"Deiane Unamuno Photography - Fotografia de boda moderna y creativa - Fotografa de boda\",\"potentialAction\":[{\"@type\":\"SearchAction\",\"target\":{\"@type\":\"EntryPoint\",\"urlTemplate\":\"https:\\\/\\\/www.deianeunamuno.com\\\/?s={search_term_string}\"},\"query-input\":{\"@type\":\"PropertyValueSpecification\",\"valueRequired\":true,\"valueName\":\"search_term_string\"}}],\"inLanguage\":\"en-US\"}]}<\/script>\n<!-- \/ Yoast SEO plugin. -->","yoast_head_json":{"title":"Fot\u00f3grafa de bodas - Deiane Unamuno Photography","description":"\u00bfBuscando una fot\u00f3grafa de bodas? Reportajes naturales y espont\u00e1neos, sin posados y con un estilo fotoperiod\u00edstico. Entra, conoce mis trabajos e insp\u00edrate.","robots":{"index":"index","follow":"follow","max-snippet":"max-snippet:-1","max-image-preview":"max-image-preview:large","max-video-preview":"max-video-preview:-1"},"canonical":"https:\/\/www.deianeunamuno.com\/boda\/","og_locale":"en_US","og_type":"article","og_title":"Fot\u00f3grafa de bodas - Deiane Unamuno Photography","og_description":"\u00bfBuscando una fot\u00f3grafa de bodas? Reportajes naturales y espont\u00e1neos, sin posados y con un estilo fotoperiod\u00edstico. Entra, conoce mis trabajos e insp\u00edrate.","og_url":"https:\/\/www.deianeunamuno.com\/boda\/","og_site_name":"Deiane Unamuno Photography","article_publisher":"https:\/\/www.facebook.com\/deianeunamunophotography\/","article_modified_time":"2021-09-14T08:00:32+00:00","twitter_card":"summary_large_image","twitter_misc":{"Est. reading time":"2 minutes"},"schema":{"@context":"https:\/\/schema.org","@graph":[{"@type":"WebPage","@id":"https:\/\/www.deianeunamuno.com\/boda\/","url":"https:\/\/www.deianeunamuno.com\/boda\/","name":"Fot\u00f3grafa de bodas - Deiane Unamuno Photography","isPartOf":{"@id":"https:\/\/www.deianeunamuno.com\/#website"},"datePublished":"2020-06-21T10:23:06+00:00","dateModified":"2021-09-14T08:00:32+00:00","description":"\u00bfBuscando una fot\u00f3grafa de bodas? Reportajes naturales y espont\u00e1neos, sin posados y con un estilo fotoperiod\u00edstico. Entra, conoce mis trabajos e insp\u00edrate.","breadcrumb":{"@id":"https:\/\/www.deianeunamuno.com\/boda\/#breadcrumb"},"inLanguage":"en-US","potentialAction":[{"@type":"ReadAction","target":["https:\/\/www.deianeunamuno.com\/boda\/"]}]},{"@type":"BreadcrumbList","@id":"https:\/\/www.deianeunamuno.com\/boda\/#breadcrumb","itemListElement":[{"@type":"ListItem","position":1,"name":"Portada","item":"https:\/\/www.deianeunamuno.com\/"},{"@type":"ListItem","position":2,"name":"BODA"}]},{"@type":"WebSite","@id":"https:\/\/www.deianeunamuno.com\/#website","url":"https:\/\/www.deianeunamuno.com\/","name":"Deiane Unamuno Photography","description":"Deiane Unamuno Photography - Fotografia de boda moderna y creativa - Fotografa de boda","potentialAction":[{"@type":"SearchAction","target":{"@type":"EntryPoint","urlTemplate":"https:\/\/www.deianeunamuno.com\/?s={search_term_string}"},"query-input":{"@type":"PropertyValueSpecification","valueRequired":true,"valueName":"search_term_string"}}],"inLanguage":"en-US"}]}},"_links":{"self":[{"href":"https:\/\/www.deianeunamuno.com\/en\/wp-json\/wp\/v2\/pages\/3183","targetHints":{"allow":["GET"]}}],"collection":[{"href":"https:\/\/www.deianeunamuno.com\/en\/wp-json\/wp\/v2\/pages"}],"about":[{"href":"https:\/\/www.deianeunamuno.com\/en\/wp-json\/wp\/v2\/types\/page"}],"author":[{"embeddable":true,"href":"https:\/\/www.deianeunamuno.com\/en\/wp-json\/wp\/v2\/users\/1"}],"replies":[{"embeddable":true,"href":"https:\/\/www.deianeunamuno.com\/en\/wp-json\/wp\/v2\/comments?post=3183"}],"version-history":[{"count":24,"href":"https:\/\/www.deianeunamuno.com\/en\/wp-json\/wp\/v2\/pages\/3183\/revisions"}],"predecessor-version":[{"id":4087,"href":"https:\/\/www.deianeunamuno.com\/en\/wp-json\/wp\/v2\/pages\/3183\/revisions\/4087"}],"wp:attachment":[{"href":"https:\/\/www.deianeunamuno.com\/en\/wp-json\/wp\/v2\/media?parent=3183"}],"curies":[{"name":"wp","href":"https:\/\/api.w.org\/{rel}","templated":true}]}}