{"id":3184,"date":"2020-06-21T10:20:08","date_gmt":"2020-06-21T10:20:08","guid":{"rendered":"http:\/\/www.deianeunamuno.com\/?page_id=3184"},"modified":"2021-09-14T08:01:26","modified_gmt":"2021-09-14T08:01:26","slug":"postboda","status":"publish","type":"page","link":"https:\/\/www.deianeunamuno.com\/en\/postboda\/","title":{"rendered":"POSTWEDDING"},"content":{"rendered":"<p><\/p>\n<p>[vc_row][vc_column][vc_column_text]<\/p>\n<p style=\"text-align: center;\">Estas sesiones son perfectas para terminar de dar el \u00faltimo toque a vuestro reportaje de bodas con unas fotos originales. En los reportajes de postboda jugamos con la ventaja de elegir la hora de luz solar y el sitio donde queramos realizar la sesi\u00f3n de postboda. Para este reportaje nos desplazamos a nivel nacional o internacional.<\/p>\n<p style=\"text-align: center;\">Tambi\u00e9n es una buena opci\u00f3n para poder estar con los invitados al 100% el d\u00eda de vuestro enlace, ya que ese d\u00eda lo que quer\u00e9is es aprovechar al m\u00e1ximo el tiempo con ellos y estas sesiones de postboda hacen que eso sea posible, sin tener que ausentaros para hacer la sesi\u00f3n.<\/p>\n<p>[\/vc_column_text][\/vc_column][\/vc_row][vc_row equal_height=&#8221;yes&#8221; content_placement=&#8221;bottom&#8221;][vc_column el_class=&#8221;columna-espaciado-centrado&#8221;][vc_row_inner equal_height=&#8221;yes&#8221; content_placement=&#8221;bottom&#8221;][vc_column_inner el_class=&#8221;columna-pre-post-boda&#8221; width=&#8221;1\/3&#8243;][vc_single_image image=&#8221;3596&#8243; img_size=&#8221;full&#8221; alignment=&#8221;center&#8221; onclick=&#8221;custom_link&#8221; title=&#8221;Bilbao (Bizkaia)&#8221; link=&#8221;http:\/\/www.deianeunamuno.com\/portfolio\/bilbao\/&#8221; el_class=&#8221;enlace-bodas&#8221;][\/vc_column_inner][vc_column_inner el_class=&#8221;columna-pre-post-boda&#8221; width=&#8221;1\/3&#8243;][vc_single_image image=&#8221;3621&#8243; img_size=&#8221;full&#8221; alignment=&#8221;center&#8221; onclick=&#8221;custom_link&#8221; title=&#8221;Parque Natural de Urkiola &#8211; Durango (Bizkaia)&#8221; link=&#8221;http:\/\/www.deianeunamuno.com\/portfolio\/parque-natural-urkiola\/&#8221; el_class=&#8221;enlace-bodas&#8221;][\/vc_column_inner][vc_column_inner el_class=&#8221;columna-pre-post-boda&#8221; width=&#8221;1\/3&#8243;][vc_single_image image=&#8221;3641&#8243; img_size=&#8221;full&#8221; alignment=&#8221;center&#8221; onclick=&#8221;custom_link&#8221; title=&#8221;Zarautz (Gipuzkoa)&#8221; link=&#8221;http:\/\/www.deianeunamuno.com\/portfolio\/zarautz\/&#8221; el_class=&#8221;enlace-bodas&#8221;][\/vc_column_inner][\/vc_row_inner][vc_row_inner equal_height=&#8221;yes&#8221; content_placement=&#8221;bottom&#8221;][vc_column_inner el_class=&#8221;columna-pre-post-boda&#8221; width=&#8221;1\/3&#8243;][vc_single_image image=&#8221;1480&#8243; img_size=&#8221;full&#8221; alignment=&#8221;center&#8221; onclick=&#8221;custom_link&#8221; title=&#8221;Nueva York (Estados Unidos)&#8221; el_class=&#8221;enlace-bodas&#8221; link=&#8221;http:\/\/www.deianeunamuno.com\/portfolio\/wedding-in-newyork-post\/&#8221;][\/vc_column_inner][vc_column_inner el_class=&#8221;columna-pre-post-boda&#8221; width=&#8221;1\/3&#8243;][\/vc_column_inner][vc_column_inner el_class=&#8221;columna-pre-post-boda&#8221; width=&#8221;1\/3&#8243;][\/vc_column_inner][\/vc_row_inner][\/vc_column][\/vc_row][vc_row css=&#8221;.vc_custom_1592738143075{margin-top: 60px !important;}&#8221;][vc_column width=&#8221;1\/5&#8243;][vc_single_image image=&#8221;1989&#8243; img_size=&#8221;144&#215;144&#8243; alignment=&#8221;center&#8221; onclick=&#8221;custom_link&#8221; img_link_target=&#8221;_blank&#8221; link=&#8221;https:\/\/www.fearlessphotographers.com\/photographers.cfm?photogID=8460&amp;deiane-unamuno&#8221;][\/vc_column][vc_column width=&#8221;1\/5&#8243;][vc_single_image image=&#8221;1625&#8243; img_size=&#8221;167&#215;184&#8243; alignment=&#8221;center&#8221; onclick=&#8221;custom_link&#8221; img_link_target=&#8221;_blank&#8221; link=&#8221;https:\/\/fotografos-de-boda.net\/porfolio\/deiane-unamuno-photography\/&#8221;][\/vc_column][vc_column width=&#8221;1\/5&#8243;][vc_single_image image=&#8221;1734&#8243; img_size=&#8221;118&#215;144&#8243; alignment=&#8221;center&#8221; onclick=&#8221;custom_link&#8221; img_link_target=&#8221;_blank&#8221; link=&#8221;https:\/\/mywed.com\/es\/photographer\/DeianeUnamuno\/&#8221;][\/vc_column][vc_column width=&#8221;1\/5&#8243;][vc_single_image image=&#8221;3199&#8243; img_size=&#8221;146&#215;144&#8243; alignment=&#8221;center&#8221; onclick=&#8221;custom_link&#8221; img_link_target=&#8221;_blank&#8221; link=&#8221;https:\/\/www.bodas.net\/fotografos\/deiane-unamuno-photography&#8211;e98788&#8243;][\/vc_column][vc_column width=&#8221;1\/5&#8243;][vc_single_image image=&#8221;2403&#8243; img_size=&#8221;144&#215;144&#8243; alignment=&#8221;center&#8221; onclick=&#8221;custom_link&#8221; img_link_target=&#8221;_blank&#8221; link=&#8221;https:\/\/flechaenblanco.com\/photographers\/deiane-unamuno\/&#8221;][\/vc_column][\/vc_row]<\/p>\n<p><\/p>","protected":false},"excerpt":{"rendered":"<p>[vc_row][vc_column][vc_column_text] Estas sesiones son perfectas para terminar de dar el \u00faltimo toque a vuestro reportaje de bodas con unas fotos originales. En los reportajes de postboda jugamos con la ventaja de elegir la hora de luz solar y el sitio donde queramos realizar la sesi\u00f3n de postboda. Para este reportaje nos desplazamos a nivel nacional o internacional. Tambi\u00e9n es una buena opci\u00f3n para [&hellip;]<\/p>\n","protected":false},"author":1,"featured_media":0,"parent":0,"menu_order":0,"comment_status":"closed","ping_status":"closed","template":"portfolio-page.php","meta":{"__cvm_playback_settings":[],"__cvm_video_id":"","footnotes":""},"class_list":["post-3184","page","type-page","status-publish","hentry"],"yoast_head":"<!-- This site is optimized with the Yoast SEO plugin v27.4 - https:\/\/yoast.com\/product\/yoast-seo-wordpress\/ -->\n<title>Reportaje de bodas y Post boda - Deiane Unamuno Photography<\/title>\n<meta name=\"description\" content=\"\u00bfTe casas? Escoge tu reportaje de bodas y Post boda con personalidad. Perfectas para terminar de dar tu \u00faltimo toque con fotos originales. \u00bfComenzamos?\" \/>\n<meta name=\"robots\" content=\"index, follow, max-snippet:-1, max-image-preview:large, max-video-preview:-1\" \/>\n<link rel=\"canonical\" href=\"https:\/\/www.deianeunamuno.com\/postboda\/\" \/>\n<meta property=\"og:locale\" content=\"en_US\" \/>\n<meta property=\"og:type\" content=\"article\" \/>\n<meta property=\"og:title\" content=\"Reportaje de bodas y Post boda - Deiane Unamuno Photography\" \/>\n<meta property=\"og:description\" content=\"\u00bfTe casas? Escoge tu reportaje de bodas y Post boda con personalidad. Perfectas para terminar de dar tu \u00faltimo toque con fotos originales. \u00bfComenzamos?\" \/>\n<meta property=\"og:url\" content=\"https:\/\/www.deianeunamuno.com\/postboda\/\" \/>\n<meta property=\"og:site_name\" content=\"Deiane Unamuno Photography\" \/>\n<meta property=\"article:publisher\" content=\"https:\/\/www.facebook.com\/deianeunamunophotography\/\" \/>\n<meta property=\"article:modified_time\" content=\"2021-09-14T08:01:26+00:00\" \/>\n<meta name=\"twitter:card\" content=\"summary_large_image\" \/>\n<meta name=\"twitter:label1\" content=\"Est. reading time\" \/>\n\t<meta name=\"twitter:data1\" content=\"7 minutes\" \/>\n<script type=\"application\/ld+json\" class=\"yoast-schema-graph\">{\"@context\":\"https:\\\/\\\/schema.org\",\"@graph\":[{\"@type\":\"WebPage\",\"@id\":\"https:\\\/\\\/www.deianeunamuno.com\\\/postboda\\\/\",\"url\":\"https:\\\/\\\/www.deianeunamuno.com\\\/postboda\\\/\",\"name\":\"Reportaje de bodas y Post boda - Deiane Unamuno Photography\",\"isPartOf\":{\"@id\":\"https:\\\/\\\/www.deianeunamuno.com\\\/#website\"},\"datePublished\":\"2020-06-21T10:20:08+00:00\",\"dateModified\":\"2021-09-14T08:01:26+00:00\",\"description\":\"\u00bfTe casas? Escoge tu reportaje de bodas y Post boda con personalidad. Perfectas para terminar de dar tu \u00faltimo toque con fotos originales. \u00bfComenzamos?\",\"breadcrumb\":{\"@id\":\"https:\\\/\\\/www.deianeunamuno.com\\\/postboda\\\/#breadcrumb\"},\"inLanguage\":\"en-US\",\"potentialAction\":[{\"@type\":\"ReadAction\",\"target\":[\"https:\\\/\\\/www.deianeunamuno.com\\\/postboda\\\/\"]}]},{\"@type\":\"BreadcrumbList\",\"@id\":\"https:\\\/\\\/www.deianeunamuno.com\\\/postboda\\\/#breadcrumb\",\"itemListElement\":[{\"@type\":\"ListItem\",\"position\":1,\"name\":\"Portada\",\"item\":\"https:\\\/\\\/www.deianeunamuno.com\\\/\"},{\"@type\":\"ListItem\",\"position\":2,\"name\":\"POSTBODA\"}]},{\"@type\":\"WebSite\",\"@id\":\"https:\\\/\\\/www.deianeunamuno.com\\\/#website\",\"url\":\"https:\\\/\\\/www.deianeunamuno.com\\\/\",\"name\":\"Deiane Unamuno Photography\",\"description\":\"Deiane Unamuno Photography - Fotografia de boda moderna y creativa - Fotografa de boda\",\"potentialAction\":[{\"@type\":\"SearchAction\",\"target\":{\"@type\":\"EntryPoint\",\"urlTemplate\":\"https:\\\/\\\/www.deianeunamuno.com\\\/?s={search_term_string}\"},\"query-input\":{\"@type\":\"PropertyValueSpecification\",\"valueRequired\":true,\"valueName\":\"search_term_string\"}}],\"inLanguage\":\"en-US\"}]}<\/script>\n<!-- \/ Yoast SEO plugin. -->","yoast_head_json":{"title":"Reportaje de bodas y Post boda - Deiane Unamuno Photography","description":"\u00bfTe casas? Escoge tu reportaje de bodas y Post boda con personalidad. Perfectas para terminar de dar tu \u00faltimo toque con fotos originales. \u00bfComenzamos?","robots":{"index":"index","follow":"follow","max-snippet":"max-snippet:-1","max-image-preview":"max-image-preview:large","max-video-preview":"max-video-preview:-1"},"canonical":"https:\/\/www.deianeunamuno.com\/postboda\/","og_locale":"en_US","og_type":"article","og_title":"Reportaje de bodas y Post boda - Deiane Unamuno Photography","og_description":"\u00bfTe casas? Escoge tu reportaje de bodas y Post boda con personalidad. Perfectas para terminar de dar tu \u00faltimo toque con fotos originales. \u00bfComenzamos?","og_url":"https:\/\/www.deianeunamuno.com\/postboda\/","og_site_name":"Deiane Unamuno Photography","article_publisher":"https:\/\/www.facebook.com\/deianeunamunophotography\/","article_modified_time":"2021-09-14T08:01:26+00:00","twitter_card":"summary_large_image","twitter_misc":{"Est. reading time":"7 minutes"},"schema":{"@context":"https:\/\/schema.org","@graph":[{"@type":"WebPage","@id":"https:\/\/www.deianeunamuno.com\/postboda\/","url":"https:\/\/www.deianeunamuno.com\/postboda\/","name":"Reportaje de bodas y Post boda - Deiane Unamuno Photography","isPartOf":{"@id":"https:\/\/www.deianeunamuno.com\/#website"},"datePublished":"2020-06-21T10:20:08+00:00","dateModified":"2021-09-14T08:01:26+00:00","description":"\u00bfTe casas? Escoge tu reportaje de bodas y Post boda con personalidad. Perfectas para terminar de dar tu \u00faltimo toque con fotos originales. \u00bfComenzamos?","breadcrumb":{"@id":"https:\/\/www.deianeunamuno.com\/postboda\/#breadcrumb"},"inLanguage":"en-US","potentialAction":[{"@type":"ReadAction","target":["https:\/\/www.deianeunamuno.com\/postboda\/"]}]},{"@type":"BreadcrumbList","@id":"https:\/\/www.deianeunamuno.com\/postboda\/#breadcrumb","itemListElement":[{"@type":"ListItem","position":1,"name":"Portada","item":"https:\/\/www.deianeunamuno.com\/"},{"@type":"ListItem","position":2,"name":"POSTBODA"}]},{"@type":"WebSite","@id":"https:\/\/www.deianeunamuno.com\/#website","url":"https:\/\/www.deianeunamuno.com\/","name":"Deiane Unamuno Photography","description":"Deiane Unamuno Photography - Fotografia de boda moderna y creativa - Fotografa de boda","potentialAction":[{"@type":"SearchAction","target":{"@type":"EntryPoint","urlTemplate":"https:\/\/www.deianeunamuno.com\/?s={search_term_string}"},"query-input":{"@type":"PropertyValueSpecification","valueRequired":true,"valueName":"search_term_string"}}],"inLanguage":"en-US"}]}},"_links":{"self":[{"href":"https:\/\/www.deianeunamuno.com\/en\/wp-json\/wp\/v2\/pages\/3184","targetHints":{"allow":["GET"]}}],"collection":[{"href":"https:\/\/www.deianeunamuno.com\/en\/wp-json\/wp\/v2\/pages"}],"about":[{"href":"https:\/\/www.deianeunamuno.com\/en\/wp-json\/wp\/v2\/types\/page"}],"author":[{"embeddable":true,"href":"https:\/\/www.deianeunamuno.com\/en\/wp-json\/wp\/v2\/users\/1"}],"replies":[{"embeddable":true,"href":"https:\/\/www.deianeunamuno.com\/en\/wp-json\/wp\/v2\/comments?post=3184"}],"version-history":[{"count":17,"href":"https:\/\/www.deianeunamuno.com\/en\/wp-json\/wp\/v2\/pages\/3184\/revisions"}],"predecessor-version":[{"id":3895,"href":"https:\/\/www.deianeunamuno.com\/en\/wp-json\/wp\/v2\/pages\/3184\/revisions\/3895"}],"wp:attachment":[{"href":"https:\/\/www.deianeunamuno.com\/en\/wp-json\/wp\/v2\/media?parent=3184"}],"curies":[{"name":"wp","href":"https:\/\/api.w.org\/{rel}","templated":true}]}}